{"id":800,"date":"2022-11-02T08:48:07","date_gmt":"2022-11-02T11:48:07","guid":{"rendered":"https:\/\/caruaru.upe.br\/super\/?page_id=800"},"modified":"2022-11-08T14:26:24","modified_gmt":"2022-11-08T17:26:24","slug":"jce","status":"publish","type":"page","link":"https:\/\/caruaru.upe.br\/super\/jce\/","title":{"rendered":"JCE 2022"},"content":{"rendered":"\t\t<div data-elementor-type=\"wp-page\" data-elementor-id=\"800\" class=\"elementor elementor-800\">\n\t\t\t\t\t\t<div class=\"elementor-inner\">\n\t\t\t\t<div class=\"elementor-section-wrap\">\n\t\t\t\t\t\t\t\t\t<section class=\"elementor-section elementor-top-section elementor-element elementor-element-87bb39d elementor-section-boxed elementor-section-height-default elementor-section-height-default elementor-invisible\" data-id=\"87bb39d\" data-element_type=\"section\" data-settings=\"{&quot;background_background&quot;:&quot;classic&quot;,&quot;animation&quot;:&quot;pulse&quot;,&quot;animation_delay&quot;:&quot;50&quot;}\">\n\t\t\t\t\t\t\t<div class=\"elementor-background-overlay\"><\/div>\n\t\t\t\t\t\t\t<div class=\"elementor-container elementor-column-gap-default\">\n\t\t\t\t\t\t\t<div class=\"elementor-row\">\n\t\t\t\t\t<div class=\"elementor-column elementor-col-100 elementor-top-column elementor-element elementor-element-053ac52\" data-id=\"053ac52\" data-element_type=\"column\">\n\t\t\t<div class=\"elementor-column-wrap elementor-element-populated\">\n\t\t\t\t\t\t\t<div class=\"elementor-widget-wrap\">\n\t\t\t\t\t\t<div class=\"elementor-element elementor-element-10e3f12 elementor-widget elementor-widget-menu-anchor\" data-id=\"10e3f12\" data-element_type=\"widget\" data-widget_type=\"menu-anchor.default\">\n\t\t\t\t<div class=\"elementor-widget-container\">\n\t\t\t\t\t<div id=\"sobre\" class=\"elementor-menu-anchor\"><\/div>\n\t\t\t\t<\/div>\n\t\t\t\t<\/div>\n\t\t\t\t<div class=\"elementor-element elementor-element-463a66a elementor-widget elementor-widget-heading\" data-id=\"463a66a\" data-element_type=\"widget\" data-widget_type=\"heading.default\">\n\t\t\t\t<div class=\"elementor-widget-container\">\n\t\t\t<h1 class=\"elementor-heading-title elementor-size-default\">JCE 2022<\/h1>\t\t<\/div>\n\t\t\t\t<\/div>\n\t\t\t\t\t\t<\/div>\n\t\t\t\t\t<\/div>\n\t\t<\/div>\n\t\t\t\t\t\t\t\t<\/div>\n\t\t\t\t\t<\/div>\n\t\t<\/section>\n\t\t\t\t<section class=\"elementor-section elementor-top-section elementor-element elementor-element-d32f3ed elementor-section-boxed elementor-section-height-default elementor-section-height-default elementor-invisible\" data-id=\"d32f3ed\" data-element_type=\"section\" data-settings=\"{&quot;background_background&quot;:&quot;gradient&quot;,&quot;animation&quot;:&quot;pulse&quot;,&quot;animation_delay&quot;:&quot;50&quot;}\">\n\t\t\t\t\t\t\t<div class=\"elementor-background-overlay\"><\/div>\n\t\t\t\t\t\t\t<div class=\"elementor-container elementor-column-gap-default\">\n\t\t\t\t\t\t\t<div class=\"elementor-row\">\n\t\t\t\t\t<div class=\"elementor-column elementor-col-100 elementor-top-column elementor-element elementor-element-4d33bdc\" data-id=\"4d33bdc\" data-element_type=\"column\">\n\t\t\t<div class=\"elementor-column-wrap elementor-element-populated\">\n\t\t\t\t\t\t\t<div class=\"elementor-widget-wrap\">\n\t\t\t\t\t\t<div class=\"elementor-element elementor-element-7df243c elementor-widget elementor-widget-menu-anchor\" data-id=\"7df243c\" data-element_type=\"widget\" data-widget_type=\"menu-anchor.default\">\n\t\t\t\t<div class=\"elementor-widget-container\">\n\t\t\t\t\t<div id=\"sobre\" class=\"elementor-menu-anchor\"><\/div>\n\t\t\t\t<\/div>\n\t\t\t\t<\/div>\n\t\t\t\t<div class=\"elementor-element elementor-element-76faa68 elementor-widget elementor-widget-heading\" data-id=\"76faa68\" data-element_type=\"widget\" data-widget_type=\"heading.default\">\n\t\t\t\t<div class=\"elementor-widget-container\">\n\t\t\t<h2 class=\"elementor-heading-title elementor-size-default\">O que \u00e9 a JCE?<\/h2>\t\t<\/div>\n\t\t\t\t<\/div>\n\t\t\t\t<div class=\"elementor-element elementor-element-dc028fa elementor-widget elementor-widget-text-editor\" data-id=\"dc028fa\" data-element_type=\"widget\" data-widget_type=\"text-editor.default\">\n\t\t\t\t<div class=\"elementor-widget-container\">\n\t\t\t\t\t\t\t\t<div class=\"elementor-text-editor elementor-clearfix\">\n\t\t\t\t<p align=\"justify\">A Jornada Cient\u00edfica e de Extens\u00e3o da UPE Caruaru visa divulgar e discutir os trabalhos de inicia\u00e7\u00e3o cient\u00edfica, de gradua\u00e7\u00e3o e de extens\u00e3o.<\/p><p align=\"justify\">\u00a0<\/p><p align=\"justify\">A JCE ocorrer\u00e1 no dia 10 de Novembro de 2022.<\/p>\t\t\t\t\t<\/div>\n\t\t\t\t\t\t<\/div>\n\t\t\t\t<\/div>\n\t\t\t\t\t\t<\/div>\n\t\t\t\t\t<\/div>\n\t\t<\/div>\n\t\t\t\t\t\t\t\t<\/div>\n\t\t\t\t\t<\/div>\n\t\t<\/section>\n\t\t\t\t<section class=\"elementor-section elementor-top-section elementor-element elementor-element-fd190a6 elementor-section-boxed elementor-section-height-default elementor-section-height-default elementor-invisible\" data-id=\"fd190a6\" data-element_type=\"section\" data-settings=\"{&quot;background_background&quot;:&quot;gradient&quot;,&quot;shape_divider_bottom&quot;:&quot;mountains&quot;,&quot;animation&quot;:&quot;pulse&quot;,&quot;animation_delay&quot;:&quot;50&quot;}\">\n\t\t\t\t\t<div class=\"elementor-shape elementor-shape-bottom\" data-negative=\"false\">\n\t\t\t<svg xmlns=\"http:\/\/www.w3.org\/2000\/svg\" viewBox=\"0 0 1000 100\" preserveAspectRatio=\"none\">\n\t<path class=\"elementor-shape-fill\" opacity=\"0.33\" d=\"M473,67.3c-203.9,88.3-263.1-34-320.3,0C66,119.1,0,59.7,0,59.7V0h1000v59.7 c0,0-62.1,26.1-94.9,29.3c-32.8,3.3-62.8-12.3-75.8-22.1C806,49.6,745.3,8.7,694.9,4.7S492.4,59,473,67.3z\"\/>\n\t<path class=\"elementor-shape-fill\" opacity=\"0.66\" d=\"M734,67.3c-45.5,0-77.2-23.2-129.1-39.1c-28.6-8.7-150.3-10.1-254,39.1 s-91.7-34.4-149.2,0C115.7,118.3,0,39.8,0,39.8V0h1000v36.5c0,0-28.2-18.5-92.1-18.5C810.2,18.1,775.7,67.3,734,67.3z\"\/>\n\t<path class=\"elementor-shape-fill\" d=\"M766.1,28.9c-200-57.5-266,65.5-395.1,19.5C242,1.8,242,5.4,184.8,20.6C128,35.8,132.3,44.9,89.9,52.5C28.6,63.7,0,0,0,0 h1000c0,0-9.9,40.9-83.6,48.1S829.6,47,766.1,28.9z\"\/>\n<\/svg>\t\t<\/div>\n\t\t\t\t\t<div class=\"elementor-container elementor-column-gap-default\">\n\t\t\t\t\t\t\t<div class=\"elementor-row\">\n\t\t\t\t\t<div class=\"elementor-column elementor-col-100 elementor-top-column elementor-element elementor-element-fd52113\" data-id=\"fd52113\" data-element_type=\"column\">\n\t\t\t<div class=\"elementor-column-wrap elementor-element-populated\">\n\t\t\t\t\t\t\t<div class=\"elementor-widget-wrap\">\n\t\t\t\t\t\t<section class=\"elementor-section elementor-inner-section elementor-element elementor-element-2336924 elementor-section-height-min-height elementor-section-boxed elementor-section-height-default\" data-id=\"2336924\" data-element_type=\"section\">\n\t\t\t\t\t\t<div class=\"elementor-container elementor-column-gap-default\">\n\t\t\t\t\t\t\t<div class=\"elementor-row\">\n\t\t\t\t\t<div class=\"elementor-column elementor-col-50 elementor-inner-column elementor-element elementor-element-a76810f\" data-id=\"a76810f\" data-element_type=\"column\">\n\t\t\t<div class=\"elementor-column-wrap elementor-element-populated\">\n\t\t\t\t\t\t\t<div class=\"elementor-widget-wrap\">\n\t\t\t\t\t\t<div class=\"elementor-element elementor-element-451b5b8 elementor-widget elementor-widget-heading\" data-id=\"451b5b8\" data-element_type=\"widget\" data-widget_type=\"heading.default\">\n\t\t\t\t<div class=\"elementor-widget-container\">\n\t\t\t<h4 class=\"elementor-heading-title elementor-size-default\"><h4 data-elementor-setting-key=\"title\" data-pen-placeholder=\"Digite aqui...\" style=\"margin: 0px;text-align: center\">Quando?<\/h4><\/h4>\t\t<\/div>\n\t\t\t\t<\/div>\n\t\t\t\t<div class=\"elementor-element elementor-element-be3360b elementor-widget elementor-widget-text-editor\" data-id=\"be3360b\" data-element_type=\"widget\" data-widget_type=\"text-editor.default\">\n\t\t\t\t<div class=\"elementor-widget-container\">\n\t\t\t\t\t\t\t\t<div class=\"elementor-text-editor elementor-clearfix\">\n\t\t\t\t<div align=\"center\"><p><strong>10\u00a0 de Novembro<\/strong><\/p><\/div>\t\t\t\t\t<\/div>\n\t\t\t\t\t\t<\/div>\n\t\t\t\t<\/div>\n\t\t\t\t<div class=\"elementor-element elementor-element-d736f15 elementor-widget elementor-widget-heading\" data-id=\"d736f15\" data-element_type=\"widget\" data-widget_type=\"heading.default\">\n\t\t\t\t<div class=\"elementor-widget-container\">\n\t\t\t<h4 class=\"elementor-heading-title elementor-size-default\"><h4 data-elementor-setting-key=\"title\" data-pen-placeholder=\"Digite aqui...\" style=\"margin: 0px;text-align: center\">Onde?<\/h4><\/h4>\t\t<\/div>\n\t\t\t\t<\/div>\n\t\t\t\t<div class=\"elementor-element elementor-element-c0572e2 elementor-widget elementor-widget-text-editor\" data-id=\"c0572e2\" data-element_type=\"widget\" data-widget_type=\"text-editor.default\">\n\t\t\t\t<div class=\"elementor-widget-container\">\n\t\t\t\t\t\t\t\t<div class=\"elementor-text-editor elementor-clearfix\">\n\t\t\t\t<p><b>Armaz\u00e9m da Criatividade, Polo Caruaru &#8211; BR-104, km 62 &#8211; s\/n &#8211; Nova Caruaru, Caruaru &#8211; PE, 55014-908<\/b><\/p>\t\t\t\t\t<\/div>\n\t\t\t\t\t\t<\/div>\n\t\t\t\t<\/div>\n\t\t\t\t<div class=\"elementor-element elementor-element-afa0ac0 elementor-align-center elementor-widget elementor-widget-button\" data-id=\"afa0ac0\" data-element_type=\"widget\" data-widget_type=\"button.default\">\n\t\t\t\t<div class=\"elementor-widget-container\">\n\t\t\t\t\t<div class=\"elementor-button-wrapper\">\n\t\t\t<a href=\"https:\/\/goo.gl\/maps\/vbAwPN5wnoNwhgPu7\" class=\"elementor-button-link elementor-button elementor-size-sm\" role=\"button\">\n\t\t\t\t\t\t<span class=\"elementor-button-content-wrapper\">\n\t\t\t\t\t\t<span class=\"elementor-button-text\">Leve-me!<\/span>\n\t\t<\/span>\n\t\t\t\t\t<\/a>\n\t\t<\/div>\n\t\t\t\t<\/div>\n\t\t\t\t<\/div>\n\t\t\t\t\t\t<\/div>\n\t\t\t\t\t<\/div>\n\t\t<\/div>\n\t\t\t\t<div class=\"elementor-column elementor-col-50 elementor-inner-column elementor-element elementor-element-11a5cf5\" data-id=\"11a5cf5\" data-element_type=\"column\">\n\t\t\t<div class=\"elementor-column-wrap elementor-element-populated\">\n\t\t\t\t\t\t\t<div class=\"elementor-widget-wrap\">\n\t\t\t\t\t\t<div class=\"elementor-element elementor-element-6ea9519 elementor-widget elementor-widget-menu-anchor\" data-id=\"6ea9519\" data-element_type=\"widget\" data-widget_type=\"menu-anchor.default\">\n\t\t\t\t<div class=\"elementor-widget-container\">\n\t\t\t\t\t<div id=\"data\" class=\"elementor-menu-anchor\"><\/div>\n\t\t\t\t<\/div>\n\t\t\t\t<\/div>\n\t\t\t\t<div class=\"elementor-element elementor-element-49b4746 elementor-widget elementor-widget-google_maps\" data-id=\"49b4746\" data-element_type=\"widget\" data-widget_type=\"google_maps.default\">\n\t\t\t\t<div class=\"elementor-widget-container\">\n\t\t\t\t\t<div class=\"elementor-custom-embed\">\n\t\t\t<iframe frameborder=\"0\" scrolling=\"no\" marginheight=\"0\" marginwidth=\"0\"\n\t\t\t\t\tsrc=\"https:\/\/maps.google.com\/maps?q=Armazem%20da%20Criatividade&#038;t=m&#038;z=10&#038;output=embed&#038;iwloc=near\"\n\t\t\t\t\ttitle=\"Armazem da Criatividade\"\n\t\t\t\t\taria-label=\"Armazem da Criatividade\"\n\t\t\t><\/iframe>\n\t\t<\/div>\n\t\t\t\t<\/div>\n\t\t\t\t<\/div>\n\t\t\t\t\t\t<\/div>\n\t\t\t\t\t<\/div>\n\t\t<\/div>\n\t\t\t\t\t\t\t\t<\/div>\n\t\t\t\t\t<\/div>\n\t\t<\/section>\n\t\t\t\t\t\t<\/div>\n\t\t\t\t\t<\/div>\n\t\t<\/div>\n\t\t\t\t\t\t\t\t<\/div>\n\t\t\t\t\t<\/div>\n\t\t<\/section>\n\t\t\t\t<section class=\"elementor-section elementor-top-section elementor-element elementor-element-9d890e9 elementor-section-content-top elementor-section-boxed elementor-section-height-default elementor-section-height-default\" data-id=\"9d890e9\" data-element_type=\"section\" data-settings=\"{&quot;background_background&quot;:&quot;classic&quot;}\">\n\t\t\t\t\t\t<div class=\"elementor-container elementor-column-gap-default\">\n\t\t\t\t\t\t\t<div class=\"elementor-row\">\n\t\t\t\t\t<div class=\"elementor-column elementor-col-100 elementor-top-column elementor-element elementor-element-b0ff918\" data-id=\"b0ff918\" data-element_type=\"column\">\n\t\t\t<div class=\"elementor-column-wrap elementor-element-populated\">\n\t\t\t\t\t\t\t<div class=\"elementor-widget-wrap\">\n\t\t\t\t\t\t<div class=\"elementor-element elementor-element-2449981 elementor-widget elementor-widget-heading\" data-id=\"2449981\" data-element_type=\"widget\" data-widget_type=\"heading.default\">\n\t\t\t\t<div class=\"elementor-widget-container\">\n\t\t\t<h2 class=\"elementor-heading-title elementor-size-default\">Programa\u00e7\u00e3o<\/h2>\t\t<\/div>\n\t\t\t\t<\/div>\n\t\t\t\t<div class=\"elementor-element elementor-element-d88b63a elementor-widget elementor-widget-text-editor\" data-id=\"d88b63a\" data-element_type=\"widget\" data-widget_type=\"text-editor.default\">\n\t\t\t\t<div class=\"elementor-widget-container\">\n\t\t\t\t\t\t\t\t<div class=\"elementor-text-editor elementor-clearfix\">\n\t\t\t\t<ul><li><b>10:00 <\/b>&#8211; <b>Cluster para processamento bibliom\u00e9trico com R e Spark. Autores: <\/b>Lucas da Silva Paix\u00e3o. <b>Orientador(a):<\/b> Jackson Raniel Florencio da Silva. <b>Tipo:<\/b> Pesquisa<\/li><li><b>10:20<\/b> &#8211;<b> Premissas de testes em sistemas interoper\u00e1veis. Autores:<\/b> Lorena Gabriele Aquino Santos. <b>Orientador(a):<\/b> Jackson Raniel Florencio da Silva. <b>Tipo: <\/b>Pesquisa<\/li><li><b>10:40 &#8211; Proposta Ferramental para a Constru\u00e7\u00e3o de Bases de Dados para Revis\u00f5es de Mapeamentos da Literatura. Autores: <\/b>Jo\u00e3o Pedro Medeiros Alves Santos. <b>Orientador(a): <\/b>Jackson Raniel Florencio da Silva. <b>Tipo:<\/b> Pesquisa<\/li><li><b>11:00<\/b> &#8211; <b>ARQUITETURAS DE SISTEMAS INTEROPER\u00c1VEIS DA \u00daLTIMA D\u00c9CADA<\/b>. <b>Autores<\/b>: Luis Eduardo Santos Costa. <b>Orientador(a): <\/b>Jackson Raniel Florencio da Silva. <b>Tipo: <\/b>Pesquisa<\/li><li><b>11:20 &#8211; Aux\u00edlio ao diagn\u00f3stico de dengue utilizando t\u00e9cnicas de machine learning. Autores: <\/b>Arthur Isvi Sobrinho Santos e Will de Azevedo Barbosa da Silva. <b>Orientador(a): <\/b>Patr\u00edcia Takako Endo. <b>Tipo: <\/b>Pesquisa<\/li><li><b>11:40<\/b> &#8211; <b>Utiliza\u00e7\u00e3o de Modelos de Aprendizado de M\u00e1quina para Suporte ao Diagn\u00f3stico de Chikungunya. Autores: <\/b>Gabriel Pedro do Nascimento Fulco Quaresma, Wiliane Maria Alves Silva de Souza. <b>Orientador(a): <\/b>Patr\u00edcia Takako Endo. Tipo: Ensino*<\/li><li><b>12:00 &#8211; 14:00 ALMO\u00c7O.<\/b><\/li><li><b>14:00 &#8211; SUPER 2021: FOMENTANDO A EXTENS\u00c3O NO CAMPUS CARUARU COM A PARTICIPA\u00c7\u00c3O DE DOCENTES E DISCENTES.<\/b> <b>Autores: <\/b>Lucas da Silva Paix\u00e3o, Paula Gon\u00e7alves da Silva, Elyda Laisa Soares Xavier Freitas.<b> Orientador(a):<\/b> Paula Gon\u00e7alves da Silva, Elyda Laisa Soares Xavier Freitas.<b> Tipo: <\/b>Extens\u00e3o<\/li><li><b>14:20 &#8211; MULTIM\u00cdDIAS: SOCIEDADE DA INFORMA\u00c7\u00c3O E CULTURA DIGITAL. Autores:<\/b> Daniel Victor Da Silva Barros, Felipe Matheus Carvalho Costa, Yhohhana Lima Ara\u00fajo. <b>Orientador(a): <\/b>Jackson Raniel Florencio da Silva, Mirele Moutinho, S\u00f4nia Regina Fortes da Silva, Wylliams Barbosa Santos. <b>Tipo: <\/b>Extens\u00e3o<\/li><li><b>14:40 &#8211; DUAS SAFONAS E SEUS 8 BAIXOS. Autores:<\/b> Alex Ramos Borges, Paula Gon\u00e7alves da Silva, S\u00f4nia Regina Fortes da Silva e Jackson Raniel Florencio da Silva, Daniel Victor da Silva Barros e Cesar Augusto (Colaborador externo). <b>Orientador(a): <\/b>Alex Ramos Borges, Paula Gon\u00e7alves da Silva. <b>Tipo: <\/b>Extens\u00e3o<\/li><li><b>15:00 &#8211; Refor\u00e7ando os conhecimentos b\u00e1sicos de matem\u00e1tica. Autores: <\/b>Jos\u00e9 Gustavo de oliveira cunha.. <b>Orientador(a):<\/b> Alex Ramos Borges. <b>Tipo<\/b>: Ensino<\/li><li><b>15:20 &#8211; A Monitoria exercendo o papel de agente transformador no aprendizado de C\u00e1lculo no curso de Sistemas de Informa\u00e7\u00e3o. Autores: <\/b>Marcisio Breno da Silva e Thais Larissa Rodrigues Queiroz. <b>Orientador(a):<\/b> Mirele Moutinho Lima.<b> Tipo: <\/b>Ensino<\/li><li><b>15:40 &#8211; A Monitoria como suporte t\u00e9cnico no curso de Sistemas de Informa\u00e7\u00e3o na atua\u00e7\u00e3o do preparat\u00f3rio ao Enade 2021. Autores: <\/b>Daniel Victor da Silva Barros. <b>Orientador(a): <\/b>Mirele Moutinho Lima. <b>Tipo: <\/b>Ensino<\/li><\/ul>\t\t\t\t\t<\/div>\n\t\t\t\t\t\t<\/div>\n\t\t\t\t<\/div>\n\t\t\t\t\t\t<\/div>\n\t\t\t\t\t<\/div>\n\t\t<\/div>\n\t\t\t\t\t\t\t\t<\/div>\n\t\t\t\t\t<\/div>\n\t\t<\/section>\n\t\t\t\t\t\t\t\t\t<\/div>\n\t\t\t<\/div>\n\t\t\t\t\t<\/div>\n\t\t","protected":false},"excerpt":{"rendered":"<p>JCE 2022 O que \u00e9 a JCE? A Jornada Cient\u00edfica e de Extens\u00e3o da UPE Caruaru visa divulgar e discutir os trabalhos de inicia\u00e7\u00e3o cient\u00edfica, de gradua\u00e7\u00e3o e de extens\u00e3o. \u00a0 A JCE ocorrer\u00e1 no dia 10 de Novembro de 2022. Quando? 10\u00a0 de Novembro Onde? Armaz\u00e9m da Criatividade, Polo Caruaru &#8211; BR-104, km 62 [&hellip;]<\/p>\n","protected":false},"author":48,"featured_media":782,"parent":0,"menu_order":0,"comment_status":"closed","ping_status":"closed","template":"elementor_canvas","meta":{"footnotes":""},"class_list":["post-800","page","type-page","status-publish","has-post-thumbnail","hentry"],"_links":{"self":[{"href":"https:\/\/caruaru.upe.br\/super\/wp-json\/wp\/v2\/pages\/800","targetHints":{"allow":["GET"]}}],"collection":[{"href":"https:\/\/caruaru.upe.br\/super\/wp-json\/wp\/v2\/pages"}],"about":[{"href":"https:\/\/caruaru.upe.br\/super\/wp-json\/wp\/v2\/types\/page"}],"author":[{"embeddable":true,"href":"https:\/\/caruaru.upe.br\/super\/wp-json\/wp\/v2\/users\/48"}],"replies":[{"embeddable":true,"href":"https:\/\/caruaru.upe.br\/super\/wp-json\/wp\/v2\/comments?post=800"}],"version-history":[{"count":12,"href":"https:\/\/caruaru.upe.br\/super\/wp-json\/wp\/v2\/pages\/800\/revisions"}],"predecessor-version":[{"id":820,"href":"https:\/\/caruaru.upe.br\/super\/wp-json\/wp\/v2\/pages\/800\/revisions\/820"}],"wp:featuredmedia":[{"embeddable":true,"href":"https:\/\/caruaru.upe.br\/super\/wp-json\/wp\/v2\/media\/782"}],"wp:attachment":[{"href":"https:\/\/caruaru.upe.br\/super\/wp-json\/wp\/v2\/media?parent=800"}],"curies":[{"name":"wp","href":"https:\/\/api.w.org\/{rel}","templated":true}]}}