{"id":68,"date":"2020-07-26T03:00:04","date_gmt":"2020-07-26T06:00:04","guid":{"rendered":"http:\/\/caruaru.upe.br\/react\/?page_id=68"},"modified":"2020-07-26T03:13:51","modified_gmt":"2020-07-26T06:13:51","slug":"sobre","status":"publish","type":"page","link":"https:\/\/caruaru.upe.br\/react\/sobre\/","title":{"rendered":"Sobre"},"content":{"rendered":"<p>[vc_row full_width=&#8221;stretch_row&#8221; parallax=&#8221;content-moving-fade&#8221; css=&#8221;.vc_custom_1542061986653{margin-top: 0px !important;margin-bottom: 0px !important;padding-top: 15px !important;padding-bottom: 65px !important;}&#8221;][vc_column width=&#8221;1\/2&#8243;][vc_custom_heading text=&#8221;O que significa REACT?&#8221; font_container=&#8221;tag:h3|text_align:center|color:%23252525&#8243; google_fonts=&#8221;font_family:Nunito%3A300%2Cregular%2C700|font_style:700%20bold%20regular%3A700%3Anormal&#8221; css_animation=&#8221;none&#8221;][vc_column_text css_animation=&#8221;none&#8221;]<span style=\"font-weight: 400;\">Pesquisa em tecnologia da informa\u00e7\u00e3o \u00a0e comunica\u00e7\u00e3o (REsearch in Information and Communications Technology). A primeira palavra da sigla \u00e9 o acr\u00f4nimo. Esse tipo de acr\u00f4nimo \u00e9 chamado de acr\u00f4nimo recursivo. Isso significa que a equipe est\u00e1 constantemente mudando e reagindo aos novos impulsos.<\/span>[\/vc_column_text][vc_empty_space height=&#8221;16px&#8221;][vc_custom_heading text=&#8221;Quando o grupo foi criado?&#8221; font_container=&#8221;tag:h3|text_align:center|color:%23252525&#8243; google_fonts=&#8221;font_family:Nunito%3A300%2Cregular%2C700|font_style:700%20bold%20regular%3A700%3Anormal&#8221; css_animation=&#8221;none&#8221;][vc_column_text css_animation=&#8221;none&#8221;]<span style=\"font-weight: 400;\">Criado em 2016 pelo professor Wylliams Barbosa Santos.<\/span>[\/vc_column_text][vc_empty_space height=&#8221;16px&#8221;][\/vc_column][vc_column width=&#8221;1\/2&#8243;][vc_custom_heading text=&#8221;O que \u00e9?&#8221; font_container=&#8221;tag:h3|text_align:center|color:%23252525&#8243; google_fonts=&#8221;font_family:Nunito%3A300%2Cregular%2C700|font_style:700%20bold%20regular%3A700%3Anormal&#8221; css_animation=&#8221;none&#8221;][vc_column_text css_animation=&#8221;none&#8221;]<\/p>\n<p style=\"text-align: left;\"><span style=\"font-weight: 400;\">Um grupo de pesquisa cient\u00edfica din\u00e2mico e interdisciplinar cujo trabalho em Tecnologia da Informa\u00e7\u00e3o e Comunica\u00e7\u00e3o. Interessa-se por analisar diversos aspectos relacionados ao gerenciamento de projetos \u00e1geis e n\u00e3o-\u00e1geis, desenvolvimento \u00e1gil de software, inform\u00e1tica em educa\u00e7\u00e3o e inform\u00e1tica em sa\u00fade.<\/span><\/p>\n<p>[\/vc_column_text][vc_empty_space height=&#8221;16px&#8221;][vc_custom_heading text=&#8221;Onde est\u00e1 localizado?&#8221; font_container=&#8221;tag:h3|text_align:center|color:%23252525&#8243; google_fonts=&#8221;font_family:Nunito%3A300%2Cregular%2C700|font_style:700%20bold%20regular%3A700%3Anormal&#8221; css_animation=&#8221;none&#8221;][vc_column_text css_animation=&#8221;none&#8221;]<span style=\"font-weight: 400;\">O REACT est\u00e1 sediado na Universidade de Pernambuco (UPE), no campus de Caruaru. A Universidade de Pernambuco \u00e9 uma universidade p\u00fablica estadual, Caruaru \u00e9 um munic\u00edpio brasileiro no estado de Pernambuco. A cidade est\u00e1 localizada a 140 quil\u00f4metros da capital do estado(Recife).<\/span>[\/vc_column_text][vc_empty_space height=&#8221;16px&#8221;][\/vc_column][\/vc_row][vc_row full_width=&#8221;stretch_row&#8221; parallax=&#8221;content-moving-fade&#8221; css=&#8221;.vc_custom_1542144775089{margin-top: 0px !important;margin-bottom: 0px !important;padding-top: 15px !important;padding-bottom: 65px !important;background-color: #651819 !important;}&#8221;][vc_column]<div class=\"title-subtile-holder wow fadeInUp\"><h1 class=\"section-title\" style=\"color:#ffffff;text-align:center;font-size:72px;font-weight:200;line-height:77px;\"><strong>Objetivo<\/strong><\/h1><h1 class=\"section-subtitle\" style=\"color:#000000;text-align:center;font-size:72px;font-weight:200;line-height:77px;\"><\/h1><\/div>[vc_empty_space height=&#8221;30px&#8221;][vc_custom_heading text=&#8221;Desenvolvimento de software e educa\u00e7\u00e3o de alta qualidade atrav\u00e9s de pesquisa avan\u00e7ada e colabora\u00e7\u00e3o inteligente;<br \/>\nPublica\u00e7\u00e3o de artigos de alta qualidade, documentando avan\u00e7os recentes em todas as \u00e1reas do grupo REACT;<br \/>\nUniversidade, comunidade e desenvolvimento local.&#8221; font_container=&#8221;tag:h4|text_align:center|color:%23ffffff&#8221; google_fonts=&#8221;font_family:Nunito%3A300%2Cregular%2C700|font_style:400%20regular%3A400%3Anormal&#8221; css_animation=&#8221;none&#8221;][vc_empty_space height=&#8221;16px&#8221;][\/vc_column][\/vc_row][vc_row full_width=&#8221;stretch_row&#8221; parallax=&#8221;content-moving-fade&#8221; css=&#8221;.vc_custom_1542145476711{margin-top: 0px !important;margin-bottom: 0px !important;padding-top: 15px !important;padding-bottom: 65px !important;background-color: #ffffff !important;}&#8221;][vc_column]<div class=\"title-subtile-holder wow fadeInUp\"><h1 class=\"section-title\" style=\"color:#000000;text-align:center;font-size:72px;font-weight:200;line-height:77px;\"><strong>Hist\u00f3rico<\/strong><\/h1><h1 class=\"section-subtitle\" style=\"color:#000000;text-align:center;font-size:72px;font-weight:200;line-height:77px;\"><\/h1><\/div>[vc_empty_space height=&#8221;30px&#8221;][vc_custom_heading text=&#8221;Wylliams Barbosa Santos (l\u00edder e coordenador) \u00e9 professor de gerenciamento de projetos da Universidade de Pernambuco, Campus Caruaru, Pernambuco, Brasil. Seus interesses de pesquisa incluem gerenciamento de projetos, gerenciamento \u00e1gil de projetos, desenvolvimento de software \u00e1gil. Santos recebeu seu mestrado em ci\u00eancia da computa\u00e7\u00e3o (engenharia de software) pela Universidade Federal de Pernambuco. Ele \u00e9 membro da Sociedade Brasileira de Computa\u00e7\u00e3o (SBC) e do Project Management Institute (PMI).<br \/>\n\u00c9 pesquisador associado de doutorado da Universidade Federal de Pernambuco (UFPE) no Centro de Inform\u00e1tica (CIn). Ele era pesquisador visitante de doutorado no Lero (o Centro de Pesquisa de Software da Irlanda) da Universidade de Limerick (UL).&#8221; font_container=&#8221;tag:h4|text_align:center|color:%23000000&#8243; google_fonts=&#8221;font_family:Nunito%3A300%2Cregular%2C700|font_style:400%20regular%3A400%3Anormal&#8221; css_animation=&#8221;none&#8221;][vc_empty_space height=&#8221;16px&#8221;][\/vc_column][\/vc_row][vc_row full_width=&#8221;stretch_row&#8221; css=&#8221;.vc_custom_1513929574399{margin-top: 0px !important;margin-bottom: 0px !important;padding-top: 45px !important;padding-bottom: 80px !important;background-color: #ffffff !important;}&#8221;][vc_column]<div class=\"title-subtile-holder wow \"><h1 class=\"section-title\" style=\"color:#252525;text-align:center;font-size:40px;font-weight:800;line-height:50px;\">Entre em contato<\/h1><h1 class=\"section-subtitle\" style=\"color:#8b8b8b;text-align:center;font-size:25px;font-weight:300;line-height:35px;\"><\/h1><\/div>[vc_empty_space height=&#8221;45px&#8221;][vc_row_inner content_placement=&#8221;middle&#8221; css=&#8221;.vc_custom_1513932705000{margin-top: 0px !important;margin-bottom: 0px !important;padding-top: 0px !important;padding-bottom: 0px !important;}&#8221;][vc_column_inner width=&#8221;1\/2&#8243;]<div class=\"mt-icon-list-item\"><a href=\"#\"><div class=\"mt-icon-list-icon-holder\">\n                  <div class=\"mt-icon-list-icon-holder-inner clearfix\"><i style=\"margin-right:10px; color:#651819;font-size:50px\" class=\"fa fa-envelope\"><\/i><\/div>\n                <\/div>\n                <p class=\"mt-icon-list-text\" style=\"font-size: 24px; color: #252525; font-weight:800;\">E-mail:<\/p>\n                <p class=\"mt-icon-list-text-subtitle\">wbs@upe.br<\/p><\/a><\/div>[\/vc_column_inner][vc_column_inner width=&#8221;1\/2&#8243;]<div role=\"form\" class=\"wpcf7\" id=\"wpcf7-f14-o1\" lang=\"pt-BR\" dir=\"ltr\">\n<div class=\"screen-reader-response\" role=\"alert\" aria-live=\"polite\"><\/div>\n<form action=\"\/react\/wp-json\/wp\/v2\/pages\/68#wpcf7-f14-o1\" method=\"post\" class=\"wpcf7-form init\" novalidate=\"novalidate\">\n<div style=\"display: none;\">\n<input type=\"hidden\" name=\"_wpcf7\" value=\"14\" \/>\n<input type=\"hidden\" name=\"_wpcf7_version\" value=\"5.2\" \/>\n<input type=\"hidden\" name=\"_wpcf7_locale\" value=\"pt_BR\" \/>\n<input type=\"hidden\" name=\"_wpcf7_unit_tag\" value=\"wpcf7-f14-o1\" \/>\n<input type=\"hidden\" name=\"_wpcf7_container_post\" value=\"0\" \/>\n<input type=\"hidden\" name=\"_wpcf7_posted_data_hash\" value=\"\" \/>\n<\/div>\n<p><label> Seu nome (obrigat\u00f3rio)<br \/>\n    <span class=\"wpcf7-form-control-wrap your-name\"><input type=\"text\" name=\"your-name\" value=\"\" size=\"40\" class=\"wpcf7-form-control wpcf7-text wpcf7-validates-as-required\" aria-required=\"true\" aria-invalid=\"false\" \/><\/span> <\/label><\/p>\n<p><label> Seu e-mail (obrigat\u00f3rio)<br \/>\n    <span class=\"wpcf7-form-control-wrap your-email\"><input type=\"email\" name=\"your-email\" value=\"\" size=\"40\" class=\"wpcf7-form-control wpcf7-text wpcf7-email wpcf7-validates-as-required wpcf7-validates-as-email\" aria-required=\"true\" aria-invalid=\"false\" \/><\/span> <\/label><\/p>\n<p><label> Assunto<br \/>\n    <span class=\"wpcf7-form-control-wrap your-subject\"><input type=\"text\" name=\"your-subject\" value=\"\" size=\"40\" class=\"wpcf7-form-control wpcf7-text\" aria-invalid=\"false\" \/><\/span> <\/label><\/p>\n<p><label> Sua mensagem<br \/>\n    <span class=\"wpcf7-form-control-wrap your-message\"><textarea name=\"your-message\" cols=\"40\" rows=\"10\" class=\"wpcf7-form-control wpcf7-textarea\" aria-invalid=\"false\"><\/textarea><\/span> <\/label><\/p>\n<p><input type=\"submit\" value=\"Enviar\" class=\"wpcf7-form-control wpcf7-submit\" \/><\/p>\n<div class=\"wpcf7-response-output\" role=\"alert\" aria-hidden=\"true\"><\/div><\/form><\/div>[\/vc_column_inner][\/vc_row_inner][vc_empty_space height=&#8221;25px&#8221;][\/vc_column][\/vc_row]<\/p>\n","protected":false},"excerpt":{"rendered":"<p>[vc_row full_width=&#8221;stretch_row&#8221; parallax=&#8221;content-moving-fade&#8221; css=&#8221;.vc_custom_1542061986653{margin-top: 0px !important;margin-bottom: 0px !important;padding-top: 15px !important;padding-bottom: 65px !important;}&#8221;][vc_column width=&#8221;1\/2&#8243;][vc_custom_heading text=&#8221;O que significa REACT?&#8221; font_container=&#8221;tag:h3|text_align:center|color:%23252525&#8243; google_fonts=&#8221;font_family:Nunito%3A300%2Cregular%2C700|font_style:700%20bold%20regular%3A700%3Anormal&#8221; css_animation=&#8221;none&#8221;][vc_column_text css_animation=&#8221;none&#8221;]Pesquisa em tecnologia da informa\u00e7\u00e3o \u00a0e comunica\u00e7\u00e3o (REsearch in Information and Communications Technology). A primeira palavra da sigla \u00e9 o acr\u00f4nimo. Esse tipo de acr\u00f4nimo \u00e9 chamado de acr\u00f4nimo recursivo. Isso significa que a equipe [&hellip;]<\/p>\n","protected":false},"author":2,"featured_media":0,"parent":0,"menu_order":0,"comment_status":"closed","ping_status":"closed","template":"","meta":{"footnotes":""},"class_list":["post-68","page","type-page","status-publish","hentry"],"_links":{"self":[{"href":"https:\/\/caruaru.upe.br\/react\/wp-json\/wp\/v2\/pages\/68","targetHints":{"allow":["GET"]}}],"collection":[{"href":"https:\/\/caruaru.upe.br\/react\/wp-json\/wp\/v2\/pages"}],"about":[{"href":"https:\/\/caruaru.upe.br\/react\/wp-json\/wp\/v2\/types\/page"}],"author":[{"embeddable":true,"href":"https:\/\/caruaru.upe.br\/react\/wp-json\/wp\/v2\/users\/2"}],"replies":[{"embeddable":true,"href":"https:\/\/caruaru.upe.br\/react\/wp-json\/wp\/v2\/comments?post=68"}],"version-history":[{"count":4,"href":"https:\/\/caruaru.upe.br\/react\/wp-json\/wp\/v2\/pages\/68\/revisions"}],"predecessor-version":[{"id":98,"href":"https:\/\/caruaru.upe.br\/react\/wp-json\/wp\/v2\/pages\/68\/revisions\/98"}],"wp:attachment":[{"href":"https:\/\/caruaru.upe.br\/react\/wp-json\/wp\/v2\/media?parent=68"}],"curies":[{"name":"wp","href":"https:\/\/api.w.org\/{rel}","templated":true}]}}