{"id":66,"date":"2020-07-26T02:58:07","date_gmt":"2020-07-26T05:58:07","guid":{"rendered":"http:\/\/caruaru.upe.br\/react\/?page_id=66"},"modified":"2020-07-26T02:58:07","modified_gmt":"2020-07-26T05:58:07","slug":"publicacoes","status":"publish","type":"page","link":"https:\/\/caruaru.upe.br\/react\/publicacoes\/","title":{"rendered":"Publica\u00e7\u00f5es"},"content":{"rendered":"<p>[vc_row full_width=&#8221;stretch_row&#8221; css=&#8221;.vc_custom_1517927202534{margin-top: 0px !important;margin-bottom: 0px !important;padding-top: 45px !important;padding-bottom: 55px !important;}&#8221;][vc_column][vc_row_inner css=&#8221;.vc_custom_1513775567730{margin-bottom: 0px !important;padding-bottom: 0px !important;}&#8221;][vc_column_inner width=&#8221;1\/3&#8243;][vc_custom_heading text=&#8221;2017&#8243; font_container=&#8221;tag:h3|text_align:center|color:%23252525&#8243; google_fonts=&#8221;font_family:Nunito%3A300%2Cregular%2C700|font_style:700%20bold%20regular%3A700%3Anormal&#8221; css_animation=&#8221;none&#8221;][vc_column_text css_animation=&#8221;none&#8221;]<\/p>\n<ul>\n<li>Moreira, B. et al., 2017. Simplicidade no Desenvolvimento \u00c1gil de Software\u202f: Resultados Preliminares de um Mapeamento Sistem\u00e1tico da Literatura. In\u00a0<i>XIII Brazilian Symposium on Information Systems (SBSI), 4th Workshop on Information Systems Undergraduate Research (WICSI)<\/i>. Lavras, MG, Brazil: Brazilian Computer Society (SBC), pp. 89\u201392.<\/li>\n<\/ul>\n<p>[\/vc_column_text][vc_empty_space height=&#8221;25px&#8221;][vc_custom_heading text=&#8221;2016&#8243; font_container=&#8221;tag:h3|text_align:center|color:%23252525&#8243; google_fonts=&#8221;font_family:Nunito%3A300%2Cregular%2C700|font_style:700%20bold%20regular%3A700%3Anormal&#8221; css_animation=&#8221;none&#8221;][vc_column_text css_animation=&#8221;none&#8221;]<\/p>\n<ul>\n<li>Rocha, \u00c9., Lima, M. &amp; Santos, W., 2016. Metodologia Baseada em Problemas no Ensino de Gest\u00e3o de Projetos. In\u00a0<i>13th INTERNATIONAL CONFERENCE ON INFORMATION SYSTEMS &amp; TECHNOLOGY MANAGEMENT \u2013 CONTECSI \u2013 2016<\/i>. S\u00e3o Paulo, Brazil, pp. 2740\u20132751.<\/li>\n<\/ul>\n<p>[\/vc_column_text][vc_empty_space height=&#8221;25px&#8221;][vc_custom_heading text=&#8221;2016&#8243; font_container=&#8221;tag:h3|text_align:center|color:%23252525&#8243; google_fonts=&#8221;font_family:Nunito%3A300%2Cregular%2C700|font_style:700%20bold%20regular%3A700%3Anormal&#8221; css_animation=&#8221;none&#8221;][vc_column_text css_animation=&#8221;none&#8221;]<\/p>\n<ul>\n<li>Santos, W. B. &amp; Perrelli, H., 2016. Towards an Approach to Foster Simplicity in Agile Software Development Projects. In\u00a0<i>9th Workshop on Information System PhD and Master\u2019s Thesis (12th Brazilian Symposium on Information Systems)<\/i>. Florian\u00f3polis-SC, Brazil: Association for Computing Machinery (ACM), pp. 4\u20137.<\/li>\n<\/ul>\n<p>[\/vc_column_text][vc_empty_space height=&#8221;16px&#8221;][\/vc_column_inner][vc_column_inner width=&#8221;1\/3&#8243;][vc_custom_heading text=&#8221;2017&#8243; font_container=&#8221;tag:h3|text_align:center|color:%23252525&#8243; google_fonts=&#8221;font_family:Nunito%3A300%2Cregular%2C700|font_style:700%20bold%20regular%3A700%3Anormal&#8221; css_animation=&#8221;none&#8221;][vc_column_text css_animation=&#8221;none&#8221;]<\/p>\n<ul>\n<li>Neto, A., Freitas, E. &amp; Barbosa Santos, W., 2017. Otatop Modeler: Uma Ferramenta para Automatiza\u00e7\u00e3o do Processo de Cria\u00e7\u00e3o de Bancos de Dados Normalizados a partir do Modelo Entidade Relacionamento. In\u00a0<i>14th CONTECSI \u2013 International Conference on Information Systems and Technology Management<\/i>. S\u00e3o Paulo, Brazil: Universidade de S\u00e3o Paulo (USP), pp. 1093\u20131117.<\/li>\n<\/ul>\n<p>[\/vc_column_text][vc_empty_space height=&#8221;25px&#8221;][vc_custom_heading text=&#8221;2016&#8243; font_container=&#8221;tag:h3|text_align:center|color:%23252525&#8243; google_fonts=&#8221;font_family:Nunito%3A300%2Cregular%2C700|font_style:700%20bold%20regular%3A700%3Anormal&#8221; css_animation=&#8221;none&#8221;][vc_column_text css_animation=&#8221;none&#8221;]<\/p>\n<ul>\n<li>Lima, M. et al., 2016. Caruaru Arretado: Utilizac\u00e3o de Problem-Based Learning (PBL) em um Curso de Desenvolvimento de Jogos para Alunos do Ensino M\u00e9dio. In\u00a0<i>V Congresso Brasileiro de Inform\u00e1tica na Educa\u00e7\u00e3o (CBIE 2016) \u2013 Mostra de Pr\u00e1ticas de Inform\u00e1tica na Educa\u00e7\u00e3o (MPIE 2016)<\/i>. Uberl\u00e2ndia-MG, Brazil, pp. 354\u2013357.<\/li>\n<\/ul>\n<p>[\/vc_column_text][vc_empty_space height=&#8221;25px&#8221;][vc_custom_heading text=&#8221;2016&#8243; font_container=&#8221;tag:h3|text_align:center|color:%23252525&#8243; google_fonts=&#8221;font_family:Nunito%3A300%2Cregular%2C700|font_style:700%20bold%20regular%3A700%3Anormal&#8221; css_animation=&#8221;none&#8221;][vc_column_text css_animation=&#8221;none&#8221;]<\/p>\n<ul>\n<li>Andrade, L. et al., 2016. O Impacto do Marketing Digital na Divulga\u00e7\u00e3o de Evento Acad\u00eamico: Uma Pesquisa-A\u00e7\u00e3o. In\u00a0<i>XVIII Congresso de Ci\u00eancias da Comunica\u00e7\u00e3o na Regi\u00e3o Nordeste (INTERCOM 2016)<\/i>. Caruaru-PE, Brazil: INTERCOM, pp. 1\u201315.<\/li>\n<\/ul>\n<p>[\/vc_column_text][vc_empty_space height=&#8221;16px&#8221;][\/vc_column_inner][vc_column_inner width=&#8221;1\/3&#8243;][vc_custom_heading text=&#8221;2016&#8243; font_container=&#8221;tag:h3|text_align:center|color:%23252525&#8243; google_fonts=&#8221;font_family:Nunito%3A300%2Cregular%2C700|font_style:700%20bold%20regular%3A700%3Anormal&#8221; css_animation=&#8221;none&#8221;][vc_column_text css_animation=&#8221;none&#8221;]<\/p>\n<ul>\n<li>Xavier, D.F. et al., 2002. Google Classroom\u202f: Uma An\u00e1lise em uma Turma de C\u00e1lculo Diferencial e Integral I.<\/li>\n<\/ul>\n<p>[\/vc_column_text][vc_empty_space height=&#8221;25px&#8221;][vc_custom_heading text=&#8221;2016&#8243; font_container=&#8221;tag:h3|text_align:center|color:%23252525&#8243; google_fonts=&#8221;font_family:Nunito%3A300%2Cregular%2C700|font_style:700%20bold%20regular%3A700%3Anormal&#8221; css_animation=&#8221;none&#8221;][vc_column_text css_animation=&#8221;none&#8221;]<\/p>\n<ul>\n<li>Santos, W. B., 2016. Towards a better understanding of simplicity in Agile software development projects. In\u00a0<i>20th International Conference on Evaluation and Assessment in Software Engineering \u2013 EASE \u201916<\/i>. EASE \u201916. New York, New York, USA: ACM Press, pp. 1\u20134.<\/li>\n<\/ul>\n<p>[\/vc_column_text][vc_empty_space height=&#8221;16px&#8221;][\/vc_column_inner][\/vc_row_inner][\/vc_column][\/vc_row]<\/p>\n","protected":false},"excerpt":{"rendered":"<p>[vc_row full_width=&#8221;stretch_row&#8221; css=&#8221;.vc_custom_1517927202534{margin-top: 0px !important;margin-bottom: 0px !important;padding-top: 45px !important;padding-bottom: 55px !important;}&#8221;][vc_column][vc_row_inner css=&#8221;.vc_custom_1513775567730{margin-bottom: 0px !important;padding-bottom: 0px !important;}&#8221;][vc_column_inner width=&#8221;1\/3&#8243;][vc_custom_heading text=&#8221;2017&#8243; font_container=&#8221;tag:h3|text_align:center|color:%23252525&#8243; google_fonts=&#8221;font_family:Nunito%3A300%2Cregular%2C700|font_style:700%20bold%20regular%3A700%3Anormal&#8221; css_animation=&#8221;none&#8221;][vc_column_text css_animation=&#8221;none&#8221;] Moreira, B. et al., 2017. Simplicidade no Desenvolvimento \u00c1gil de Software\u202f: Resultados Preliminares de um Mapeamento Sistem\u00e1tico da Literatura. In\u00a0XIII Brazilian Symposium on Information Systems (SBSI), 4th Workshop on Information Systems Undergraduate Research [&hellip;]<\/p>\n","protected":false},"author":2,"featured_media":0,"parent":0,"menu_order":0,"comment_status":"closed","ping_status":"closed","template":"","meta":{"footnotes":""},"class_list":["post-66","page","type-page","status-publish","hentry"],"_links":{"self":[{"href":"https:\/\/caruaru.upe.br\/react\/wp-json\/wp\/v2\/pages\/66","targetHints":{"allow":["GET"]}}],"collection":[{"href":"https:\/\/caruaru.upe.br\/react\/wp-json\/wp\/v2\/pages"}],"about":[{"href":"https:\/\/caruaru.upe.br\/react\/wp-json\/wp\/v2\/types\/page"}],"author":[{"embeddable":true,"href":"https:\/\/caruaru.upe.br\/react\/wp-json\/wp\/v2\/users\/2"}],"replies":[{"embeddable":true,"href":"https:\/\/caruaru.upe.br\/react\/wp-json\/wp\/v2\/comments?post=66"}],"version-history":[{"count":1,"href":"https:\/\/caruaru.upe.br\/react\/wp-json\/wp\/v2\/pages\/66\/revisions"}],"predecessor-version":[{"id":67,"href":"https:\/\/caruaru.upe.br\/react\/wp-json\/wp\/v2\/pages\/66\/revisions\/67"}],"wp:attachment":[{"href":"https:\/\/caruaru.upe.br\/react\/wp-json\/wp\/v2\/media?parent=66"}],"curies":[{"name":"wp","href":"https:\/\/api.w.org\/{rel}","templated":true}]}}