{"id":61,"date":"2020-07-26T02:50:36","date_gmt":"2020-07-26T05:50:36","guid":{"rendered":"http:\/\/caruaru.upe.br\/react\/?page_id=61"},"modified":"2020-09-01T18:34:34","modified_gmt":"2020-09-01T21:34:34","slug":"projetos","status":"publish","type":"page","link":"https:\/\/caruaru.upe.br\/react\/projetos\/","title":{"rendered":"Projetos"},"content":{"rendered":"<p>[vc_row full_width=&#8221;stretch_row&#8221; css=&#8221;.vc_custom_1517927202534{margin-top: 0px !important;margin-bottom: 0px !important;padding-top: 45px !important;padding-bottom: 55px !important;}&#8221;][vc_column][vc_row_inner css=&#8221;.vc_custom_1513775567730{margin-bottom: 0px !important;padding-bottom: 0px !important;}&#8221;][vc_column_inner][vc_custom_heading text=&#8221;2018&#8243; font_container=&#8221;tag:h3|text_align:center|color:%23252525&#8243; google_fonts=&#8221;font_family:Nunito%3A300%2Cregular%2C700|font_style:700%20bold%20regular%3A700%3Anormal&#8221; css_animation=&#8221;none&#8221;][vc_column_text]<\/p>\n<ul>\n<li><strong>Modalidade:\u00a0<\/strong>Projeto de Pesquisa<\/li>\n<li><strong>T\u00edtulo do projeto:\u00a0<\/strong> Uma Teoria de Simplicidade para Gest\u00e3o de Projetos de Software<\/li>\n<li><strong>Orientador:\u00a0<\/strong>Wylliams Barbosa Santos, Roberta Andrade de Ara\u00fajo Fagundes<\/li>\n<li><strong>Aluno:\u00a0<\/strong>Geraldo Torres Galindo Neto<\/li>\n<li><strong>Per\u00edodo:\u00a0<\/strong>2018 &#8211;<\/li>\n<\/ul>\n<p>[\/vc_column_text][vc_empty_space height=&#8221;16px&#8221;][vc_column_text]<\/p>\n<ul>\n<li><strong>Modalidade:\u00a0<\/strong>Monitoria<\/li>\n<li><strong>Edital:<\/strong> Edital PROGRAD-CAE\/PFAUPE\/UPE 05\/2017<\/li>\n<li><strong>T\u00edtulo do projeto:\u00a0<\/strong> Suporte a\u0300 Metodologia PBL e Manutenc\u0327a\u0303o do Ambiente de Ensino AcervoUPE na plataforma OpenRedu (Monitoria do Componente Curricular Ingle\u0302s Te\u0301cnico)<\/li>\n<li><strong>Orientador:\u00a0<\/strong>Wylliams Barbosa Santos<\/li>\n<li><strong>Aluno:\u00a0<\/strong>Marc\u00edsio Breno da Silva<\/li>\n<li><strong>Per\u00edodo:\u00a0<\/strong>2017 &#8211; 2018<\/li>\n<\/ul>\n<p>[\/vc_column_text][vc_empty_space height=&#8221;25px&#8221;][vc_custom_heading text=&#8221;2017&#8243; font_container=&#8221;tag:h3|text_align:center|color:%23252525&#8243; google_fonts=&#8221;font_family:Nunito%3A300%2Cregular%2C700|font_style:700%20bold%20regular%3A700%3Anormal&#8221; css_animation=&#8221;none&#8221;][vc_column_text css_animation=&#8221;none&#8221;]<\/p>\n<ul>\n<li class=\"p1\"><b>Modalidade:<\/b>\u00a0PFA Inicia\u00e7\u00e3o Cient\u00edfica (Programa de Fortalecimento Acad\u00eamico)<\/li>\n<li class=\"p1\"><b>Edital:\u00a0<\/b>IC UPE \u2013 2016<\/li>\n<li class=\"p2\"><b>T\u00edtulo do Projeto:<\/b>\u00a0Um Modelo Pedag\u00f3gico para Suporte a Utiliza\u00e7\u00e3o da Metodologia de PBL (Problem-Based Learning) em Cursos de Computa\u00e7\u00e3o na modalidade de Ensino a Dist\u00e2ncia<\/li>\n<li class=\"p2\"><b>Aluno:\u00a0<\/b>Silvano Ramos de Assis Neto<\/li>\n<li class=\"p2\"><b>Per\u00edodo:<\/b> 02\/2017 &#8211; 11\/2017;<\/li>\n<\/ul>\n<p>[\/vc_column_text][vc_empty_space height=&#8221;16px&#8221;][vc_column_text css_animation=&#8221;none&#8221;]<\/p>\n<ul>\n<li class=\"p1\"><b>Modalidade:\u00a0<\/b>PFA Incentivo \u00e0 inova\u00e7\u00e3o pedag\u00f3gica<\/li>\n<li class=\"p1\"><b>Edital:\u00a0<\/b>PROGRAD\/PFAUPE\/UPE 003\/2016 \u2013 Incentivo \u00e0 inova\u00e7\u00e3o pedag\u00f3gica<\/li>\n<li class=\"p2\"><b>T\u00edtulo do Projeto:\u00a0<\/b>A Utiliza\u00e7\u00e3o do Google Classroom para suporte \u00e0 Aprendizagem Baseada em Problemas (PBL) em um ambiente h\u00edbrido: Um Estudo Emp\u00edrico na UPE Multicampi (Caruaru e Garanhuns)<\/li>\n<li class=\"p1\"><b>Co-orientador:\u00a0<\/b>S\u00f4nia Regina Fortes da Silva (sonia.fortes@upe.br)<\/li>\n<li class=\"p1\"><b>Aluna:\u00a0<\/b>Aline da Silva Gomes (<a href=\"http:\/\/lattes.cnpq.br\/8803917470922501\" target=\"_blank\" rel=\"noopener noreferrer\">cv lattes<\/a>)<\/li>\n<li class=\"p1\"><b>Per\u00edodo: <\/b>04\/2017 \u2013 12\/2017<\/li>\n<\/ul>\n<p>[\/vc_column_text][vc_empty_space height=&#8221;16px&#8221;][vc_column_text css_animation=&#8221;none&#8221;]<\/p>\n<ul>\n<li class=\"p1\"><b>Modalidade:\u00a0<\/b>PFA \u2013 Projeto de Monitoria<\/li>\n<li class=\"p1\"><b>Edital:\u00a0<\/b>PROGRAD\/PFAUPE\/UPE 003\/2016 \u2013 Projeto de Monitoria<\/li>\n<li class=\"p1\"><span class=\"s1\"><b>T\u00edtulo do projeto:\u00a0<\/b><\/span>Monitoria como suporte \u00e0 metodologia de Ensino Baseada em Problemas (PBL) do componente curricular Ingl\u00eas T\u00e9cnico<\/li>\n<li class=\"p2\"><b>Componente Curricular:<\/b>\u00a0LETR0004 \u2013 INGLES T\u00c9CNICO (SI)<\/li>\n<li><strong>Orientador:\u00a0<\/strong>Wylliams Barbosa Santos<\/li>\n<li class=\"p2\"><b>Aluno:<\/b>\u00a0Pedro Victor Guimar\u00e3es Silva<\/li>\n<li class=\"p4\"><b>Per\u00edodo:<\/b> 04\/2017 &#8211; 12\/2017<\/li>\n<\/ul>\n<p>[\/vc_column_text][vc_empty_space height=&#8221;25px&#8221;][vc_custom_heading text=&#8221;2016&#8243; font_container=&#8221;tag:h3|text_align:center|color:%23252525&#8243; google_fonts=&#8221;font_family:Nunito%3A300%2Cregular%2C700|font_style:700%20bold%20regular%3A700%3Anormal&#8221; css_animation=&#8221;none&#8221;][vc_column_text css_animation=&#8221;none&#8221;]<\/p>\n<ul>\n<li class=\"p2\"><b>Modalidade:\u00a0<\/b>PIBIC volunt\u00e1rio<\/li>\n<li class=\"p2\"><b>Edital:<\/b>\u00a0PIBIC volunt\u00e1rio<b><\/b><\/li>\n<li class=\"p2\"><b>T\u00edtulo do projeto:<\/b>\u00a0Um Mapeamento Sistem\u00e1tico de Simplicidade no Contexto de Desenvolvimento \u00c1gil de Software<\/li>\n<li class=\"p2\"><b>T\u00edtulo do projeto (aprovado na reuni\u00e3o de colegiado):<\/b>\u00a0Uma Revis\u00e3o Sistem\u00e1tica da Literatura sobre fatores de Simplicidade em Desenvolvimento de Software \u00c1gil<\/li>\n<li class=\"p2\"><b>Orientador:<\/b>\u00a0Wylliams Barbosa Santos<\/li>\n<li class=\"p2\"><b>Aluna:<\/b>\u00a0Bianca de Azevedo Moreira<\/li>\n<\/ul>\n<p>[\/vc_column_text][vc_empty_space height=&#8221;16px&#8221;][vc_column_text css_animation=&#8221;none&#8221;]<\/p>\n<ul>\n<li class=\"p2\" style=\"text-align: left\"><b>Modalidade:\u00a0<\/b>Projeto de Extens\u00e3o<\/li>\n<li class=\"p2\" style=\"text-align: left\"><b>Edital:\u00a0<\/b>PIAEXT N\u00ba 01\/2016<\/li>\n<li class=\"p2\" style=\"text-align: left\"><b>T\u00edtulo :\u00a0<\/b>Caruaru Arretado: a universidade entendendo e solucionando problemas reais da sociedade<\/li>\n<li><b>Orientadores:\u00a0<\/b>Wylliams Santos, Elyda Xavier,\u00a0Mirele Moutinho, Jorge Fonseca<\/li>\n<li class=\"p2\" style=\"text-align: left\"><b>Alunos:<\/b>\u00a0Mar\u00edlia Nayara Clemente de Almeida Lima e \u00c9lisson da Silva Rocha<\/li>\n<\/ul>\n<p>[\/vc_column_text][vc_custom_heading text=&#8221;2015&#8243; font_container=&#8221;tag:h3|text_align:center|color:%23252525&#8243; google_fonts=&#8221;font_family:Nunito%3A300%2Cregular%2C700|font_style:700%20bold%20regular%3A700%3Anormal&#8221; css_animation=&#8221;none&#8221;][vc_column_text css_animation=&#8221;none&#8221;]<\/p>\n<ul>\n<li class=\"p1\"><b>Modalidade:\u00a0<\/b>PFA \u2013 Inova\u00e7\u00e3o Pedag\u00f3gica<\/li>\n<li class=\"p1\"><b>Edital:\u00a0<\/b>Inova\u00e7\u00e3o Pedag\u00f3gica \u2013 004\/2014<\/li>\n<li class=\"p1\"><strong>T\u00edtulo do Projeto:<\/strong> Um Modelo Pedag\u00f3gico para Suporte a Utiliza\u00e7\u00e3o da Metodologia PBL (Problem-Based Learning) no Processo de Ensino e Aprendizagem em Cursos de Computa\u00e7\u00e3o.<\/li>\n<li><strong>Orientador:\u00a0<\/strong>Wylliams Barbosa Santos<\/li>\n<li><strong>Alunos:\u00a0<\/strong>\u00c9lisson da Silva Rocha, Mar\u00edlia Nayara Clemente de Almeida Lima<\/li>\n<li><strong>Per\u00edodo:\u00a0<\/strong>02\/2015 &#8211; 11\/2015<\/li>\n<\/ul>\n<p>[\/vc_column_text][vc_empty_space height=&#8221;16px&#8221;][vc_column_text css_animation=&#8221;none&#8221;]<\/p>\n<ul>\n<li class=\"p1\"><b>Modalidade:\u00a0<\/b>PFA \u2013 Viv\u00eancia de Componentes Curriculares<\/li>\n<li class=\"p1\"><b>Edital:<\/b>UPE PROGRAD\/PFA (Programa de Fortalecimento Acad\u00eamico) N\u00ba 003 &#8211; Apoio \u00e0 Viv\u00eancia de Componentes Curriculares<\/li>\n<li class=\"p1\"><b>T\u00edtulo do Projeto:\u00a0<\/b>Atualiza\u00e7\u00e3o Cient\u00edfica e Profissional Atrav\u00e9s da Participa\u00e7\u00e3o no XXXV Congresso da Sociedade Brasileira de Computa\u00e7\u00e3o.<\/li>\n<li><strong>Orientador:\u00a0<\/strong>Wylliams Barbosa Santos<\/li>\n<li><strong>Integrante:<\/strong> Patr\u00edcia Takako Endo<\/li>\n<li><strong>Per\u00edodo:<\/strong> 02\/2015 &#8211; 11\/2015<\/li>\n<\/ul>\n<p>[\/vc_column_text][vc_empty_space height=&#8221;16px&#8221;][\/vc_column_inner][\/vc_row_inner][\/vc_column][\/vc_row][vc_row full_width=&#8221;stretch_row&#8221; css=&#8221;.vc_custom_1595742881771{margin-top: 0px !important;margin-right: 0px !important;margin-bottom: 0px !important;margin-left: 0px !important;padding-top: 150px !important;padding-right: 0px !important;padding-bottom: 150px !important;padding-left: 0px !important;}&#8221;][vc_column css_animation=&#8221;none&#8221; css=&#8221;.vc_custom_1513938498796{margin-top: 0px !important;margin-right: 0px !important;margin-bottom: 0px !important;margin-left: 0px !important;padding-top: 0px !important;padding-bottom: 0px !important;}&#8221;][vc_custom_heading text=&#8221;Trabalhos de Conclus\u00e3o de Curso&#8221; font_container=&#8221;tag:h1|font_size:72px|text_align:center|color:%23662526|line_height:77px&#8221; google_fonts=&#8221;font_family:Nunito%3A300%2Cregular%2C700|font_style:700%20bold%20regular%3A700%3Anormal&#8221; css_animation=&#8221;none&#8221;][vc_row_inner css=&#8221;.vc_custom_1513775567730{margin-bottom: 0px !important;padding-bottom: 0px !important;}&#8221;][vc_column_inner][vc_custom_heading text=&#8221;2019.2&#8243; font_container=&#8221;tag:h3|text_align:center|color:%23252525&#8243; google_fonts=&#8221;font_family:Nunito%3A300%2Cregular%2C700|font_style:700%20bold%20regular%3A700%3Anormal&#8221; css_animation=&#8221;none&#8221;][vc_column_text css_animation=&#8221;none&#8221;]<\/p>\n<ul>\n<li class=\"p1\"><strong>Aluno:<\/strong> Denini Gabriel Silva<\/li>\n<li class=\"p1\"><span class=\"s5\"><strong>Tema:<\/strong> TENT: Uma Ferramenta Para Forma\u00e7\u00e3o de Equipes que Considera Fatores Socioafetivos<\/span><\/li>\n<li class=\"p2\"><strong>Orientador:<\/strong> Wylliams Barbosa Santos<\/li>\n<\/ul>\n<p>[\/vc_column_text][vc_empty_space height=&#8221;25px&#8221;][vc_custom_heading text=&#8221;2019.1&#8243; font_container=&#8221;tag:h3|text_align:center|color:%23252525&#8243; google_fonts=&#8221;font_family:Nunito%3A300%2Cregular%2C700|font_style:700%20bold%20regular%3A700%3Anormal&#8221; css_animation=&#8221;none&#8221;][vc_column_text css_animation=&#8221;none&#8221;]<\/p>\n<ul>\n<li class=\"p1\"><strong>Aluno:<\/strong> Lucas Feij\u00f3 Portela<\/li>\n<li class=\"p1\"><span class=\"s5\"><strong>Tema:<\/strong> Cria\u00e7\u00e3o de valor de neg\u00f3cio em Desenvolvimento \u00c1gil de Software: resultados preliminares de uma revis\u00e3o sistem\u00e1tica da literatura cinzenta<\/span><\/li>\n<li class=\"p2\"><strong>Orientador:<\/strong> Wylliams Barbosa Santos<\/li>\n<\/ul>\n<p>[\/vc_column_text][vc_empty_space height=&#8221;25px&#8221;][vc_custom_heading text=&#8221;2018.1&#8243; font_container=&#8221;tag:h3|text_align:center|color:%23252525&#8243; google_fonts=&#8221;font_family:Nunito%3A300%2Cregular%2C700|font_style:700%20bold%20regular%3A700%3Anormal&#8221; css_animation=&#8221;none&#8221;][vc_column_text css_animation=&#8221;none&#8221;]<\/p>\n<ul>\n<li class=\"p1\"><strong>Aluno:<\/strong> Gustavo Almeida da Silva<\/li>\n<li class=\"p1\"><span class=\"s5\"><strong>Tema:<\/strong> Pr\u00e1ticas para Prioriza\u00e7\u00e3o de Requisitos de Software em Startups: Um Estudo Qualitativo no Armaz\u00e9m da Criatividade (Porto Digital)<\/span><\/li>\n<li class=\"p2\"><strong>Orientador:<\/strong> Wylliams Barbosa Santos<\/li>\n<li class=\"p2\"><strong>Co-orientadora:<\/strong> Maria Lencastre Pinheiro de Menezes Cruz<\/li>\n<\/ul>\n<p>[\/vc_column_text][vc_empty_space height=&#8221;16px&#8221;][vc_column_text css_animation=&#8221;none&#8221;]<\/p>\n<ul>\n<li class=\"p1\"><strong>Aluno:<\/strong> Geraldo Torres Galindo Neto<\/li>\n<li class=\"p1\"><span class=\"s5\"><strong>Tema:<\/strong> Pr\u00e1ticas para Cria\u00e7\u00e3o de Valor em Desenvolvimento \u00c1gil de Software: Resultados Preliminares de uma Revis\u00e3o Sistem\u00e1tica da Literatura<\/span><\/li>\n<li class=\"p2\"><strong>Orientador:<\/strong> Wylliams Barbosa Santos<\/li>\n<\/ul>\n<p>[\/vc_column_text][vc_empty_space height=&#8221;25px&#8221;][vc_custom_heading text=&#8221;2017.2&#8243; font_container=&#8221;tag:h3|text_align:center|color:%23252525&#8243; google_fonts=&#8221;font_family:Nunito%3A300%2Cregular%2C700|font_style:700%20bold%20regular%3A700%3Anormal&#8221; css_animation=&#8221;none&#8221;][vc_column_text css_animation=&#8221;none&#8221;]<\/p>\n<ul>\n<li class=\"p1\"><strong>Aluno:<\/strong> Matheus \u00c2ngelo Martins<\/li>\n<li class=\"p1\"><span class=\"s5\"><strong>Tema:<\/strong>\u00a0<\/span>Um modelo de um processo automatizado para gerar indicadores em retrospectivas de projetos \u00e1geis<\/li>\n<li class=\"p2\"><strong>Orientador:<\/strong> R\u00f4mulo C\u00e9sar Dias de Andrare<\/li>\n<li class=\"p2\"><strong>Co-orientador:<\/strong> Wylliams Barbosa Santos<\/li>\n<\/ul>\n<p>[\/vc_column_text][vc_empty_space height=&#8221;16px&#8221;][vc_column_text css_animation=&#8221;none&#8221;]<\/p>\n<ul>\n<li class=\"p1\"><strong>Aluno:<\/strong> Wholter (Orientador)<\/li>\n<li class=\"p1\"><strong>Tema:<\/strong> SMS<\/li>\n<li class=\"p2\"><strong>Orientador:<\/strong> Wylliams Barbosa Santos<\/li>\n<li class=\"p2\"><strong>Co-orientador:<\/strong> Deborah Costa Lima de Ara\u00fajo<\/li>\n<\/ul>\n<p>[\/vc_column_text][vc_empty_space height=&#8221;16px&#8221;][vc_column_text css_animation=&#8221;none&#8221;]<\/p>\n<ul>\n<li class=\"p1\"><strong>Aluno:<\/strong> Artur Fl\u00f4r de Souza Neto<\/li>\n<li class=\"p1\"><strong>Tema:<\/strong> OTATOP Modeler: Uma Ferramenta para Automatiza\u00e7\u00e3o do Processo de Cria\u00e7\u00e3o de Bancos de Dados Normalizados a partir do Modelo Entidade Relacionamento<\/li>\n<li class=\"p2\"><strong>Orientador:<\/strong> Elyda Laisa Soares Xavier Freitas<\/li>\n<li class=\"p2\"><strong>Co-orientador:<\/strong> Wylliams Barbosa Santos<\/li>\n<li class=\"p2\"><strong>Banca:<\/strong> Jorge \/ Wylliams Barbosa Santos \/ Elyda Xavier<\/li>\n<\/ul>\n<p>[\/vc_column_text][vc_empty_space height=&#8221;25px&#8221;][vc_custom_heading text=&#8221;2017.1&#8243; font_container=&#8221;tag:h3|text_align:center|color:%23252525&#8243; google_fonts=&#8221;font_family:Nunito%3A300%2Cregular%2C700|font_style:700%20bold%20regular%3A700%3Anormal&#8221; css_animation=&#8221;none&#8221;][vc_column_text css_animation=&#8221;none&#8221;]<\/p>\n<ul>\n<li class=\"p2\"><strong>Tema:<\/strong> Anna Paula Bezerra Soares de Andrade<\/li>\n<li class=\"p2\"><strong>Lattes:<\/strong> http:\/\/lattes.cnpq.br\/1446999782085655<\/li>\n<li class=\"p2\"><strong>T\u00edtulo:<\/strong> Utiliza\u00e7\u00e3o do Scrum para Gest\u00e3o de Produ\u00e7\u00e3o de Conte\u00fado em M\u00eddias Sociais: Um Estudo de Caso na UPE Caruaru<\/li>\n<li class=\"p2\"><strong>Orientador:<\/strong> R\u00f4mulo C\u00e9sar Dias de Andrade<\/li>\n<li class=\"p2\"><strong>Co-orientador:<\/strong> Wylliams Barbosa Santos<\/li>\n<\/ul>\n<p>[\/vc_column_text][vc_empty_space height=&#8221;25px&#8221;][vc_custom_heading text=&#8221;2016.2&#8243; font_container=&#8221;tag:h3|text_align:center|color:%23252525&#8243; google_fonts=&#8221;font_family:Nunito%3A300%2Cregular%2C700|font_style:700%20bold%20regular%3A700%3Anormal&#8221; css_animation=&#8221;none&#8221;][vc_column_text css_animation=&#8221;none&#8221;]<\/p>\n<ul>\n<li class=\"p1\"><strong>Aluna:<\/strong> Bianca de Azevedo Moreira<\/li>\n<li class=\"p2\"><strong><span class=\"s5\">Lattes:\u00a0<\/span><\/strong>http:\/\/lattes.cnpq.br\/7953148193591973<\/li>\n<li class=\"p1\"><strong>Tema:<\/strong> Systematic Mapping Study for Simplicity in Agile Software Development<\/li>\n<li class=\"p2\"><strong>Defesa:<\/strong> 17\/02\/2017<\/li>\n<li class=\"p2\"><strong>Orientador:<\/strong> Wylliams Barbosa Santos<\/li>\n<li class=\"p2\"><strong>Banca:<\/strong> Hermano Perrelli de Moura \/ Ivaldir Hon\u00f3rio J\u00fanior \/ Wylliams Barbosa Santos<\/li>\n<\/ul>\n<p>[\/vc_column_text][vc_empty_space height=&#8221;25px&#8221;][vc_custom_heading text=&#8221;2016.1&#8243; font_container=&#8221;tag:h3|text_align:center|color:%23252525&#8243; google_fonts=&#8221;font_family:Nunito%3A300%2Cregular%2C700|font_style:700%20bold%20regular%3A700%3Anormal&#8221; css_animation=&#8221;none&#8221;][vc_column_text css_animation=&#8221;none&#8221;]<\/p>\n<ul>\n<li class=\"p2\"><strong>Aluno:<\/strong> Marcilio Carvalho Martins<\/li>\n<li class=\"p2\"><strong>T\u00edtulo:<\/strong>\u00a0ADia: Administrador de Diabetes \u2013 Aplicativo para dispositivos m\u00f3veis Android para a administra\u00e7\u00e3o de diabetes tipo 1 focado na contagem de carboidratos<\/li>\n<li class=\"p2\"><strong>Orientador:<\/strong> Wylliams Barbosa Santos<\/li>\n<li class=\"p2\"><strong>Co-orientadora:<\/strong> Deborah Costa Lima de Ara\u00fajo<\/li>\n<li class=\"p2\"><strong>Defesa:<\/strong> 17\/02\/2017<\/li>\n<li class=\"p2\"><strong>Banca:<\/strong> Deborah Costa Lima de Ara\u00fajo \/ Frank Coelho Barbosa J\u00fanior \/ Wylliams Barbosa Santos<\/li>\n<\/ul>\n<p>[\/vc_column_text][vc_empty_space height=&#8221;25px&#8221;][vc_custom_heading text=&#8221;2015.1&#8243; font_container=&#8221;tag:h3|text_align:center|color:%23252525&#8243; google_fonts=&#8221;font_family:Nunito%3A300%2Cregular%2C700|font_style:700%20bold%20regular%3A700%3Anormal&#8221; css_animation=&#8221;none&#8221;][vc_column_text css_animation=&#8221;none&#8221;]<\/p>\n<ul>\n<li class=\"p1\"><strong>Aluno:<\/strong> L\u00edllian Karine de Sp\u00edndola Silva<\/li>\n<li class=\"p1\"><strong>Tema:<\/strong> Aprendizagem Matem\u00e1tica no Ensino Fundamental Utilizando Computa\u00e7\u00e3o Desplugada e a Ferramenta Scratch<\/li>\n<li class=\"p2\"><strong>Orientador:<\/strong> Wylliams Barbosa Santos<\/li>\n<\/ul>\n<p>[\/vc_column_text][vc_empty_space height=&#8221;16px&#8221;][\/vc_column_inner][\/vc_row_inner][\/vc_column][\/vc_row]<\/p>\n","protected":false},"excerpt":{"rendered":"<p>[vc_row full_width=&#8221;stretch_row&#8221; css=&#8221;.vc_custom_1517927202534{margin-top: 0px !important;margin-bottom: 0px !important;padding-top: 45px !important;padding-bottom: 55px !important;}&#8221;][vc_column][vc_row_inner css=&#8221;.vc_custom_1513775567730{margin-bottom: 0px !important;padding-bottom: 0px !important;}&#8221;][vc_column_inner][vc_custom_heading text=&#8221;2018&#8243; font_container=&#8221;tag:h3|text_align:center|color:%23252525&#8243; google_fonts=&#8221;font_family:Nunito%3A300%2Cregular%2C700|font_style:700%20bold%20regular%3A700%3Anormal&#8221; css_animation=&#8221;none&#8221;][vc_column_text] Modalidade:\u00a0Projeto de Pesquisa T\u00edtulo do projeto:\u00a0 Uma Teoria de Simplicidade para Gest\u00e3o de Projetos de Software Orientador:\u00a0Wylliams Barbosa Santos, Roberta Andrade de Ara\u00fajo Fagundes Aluno:\u00a0Geraldo Torres Galindo Neto Per\u00edodo:\u00a02018 &#8211; [\/vc_column_text][vc_empty_space height=&#8221;16px&#8221;][vc_column_text] Modalidade:\u00a0Monitoria Edital: Edital [&hellip;]<\/p>\n","protected":false},"author":2,"featured_media":0,"parent":0,"menu_order":0,"comment_status":"closed","ping_status":"closed","template":"","meta":{"footnotes":""},"class_list":["post-61","page","type-page","status-publish","hentry"],"_links":{"self":[{"href":"https:\/\/caruaru.upe.br\/react\/wp-json\/wp\/v2\/pages\/61","targetHints":{"allow":["GET"]}}],"collection":[{"href":"https:\/\/caruaru.upe.br\/react\/wp-json\/wp\/v2\/pages"}],"about":[{"href":"https:\/\/caruaru.upe.br\/react\/wp-json\/wp\/v2\/types\/page"}],"author":[{"embeddable":true,"href":"https:\/\/caruaru.upe.br\/react\/wp-json\/wp\/v2\/users\/2"}],"replies":[{"embeddable":true,"href":"https:\/\/caruaru.upe.br\/react\/wp-json\/wp\/v2\/comments?post=61"}],"version-history":[{"count":11,"href":"https:\/\/caruaru.upe.br\/react\/wp-json\/wp\/v2\/pages\/61\/revisions"}],"predecessor-version":[{"id":160,"href":"https:\/\/caruaru.upe.br\/react\/wp-json\/wp\/v2\/pages\/61\/revisions\/160"}],"wp:attachment":[{"href":"https:\/\/caruaru.upe.br\/react\/wp-json\/wp\/v2\/media?parent=61"}],"curies":[{"name":"wp","href":"https:\/\/api.w.org\/{rel}","templated":true}]}}