{"id":51,"date":"2020-07-26T02:41:41","date_gmt":"2020-07-26T05:41:41","guid":{"rendered":"http:\/\/caruaru.upe.br\/react\/?page_id=51"},"modified":"2020-07-26T02:47:17","modified_gmt":"2020-07-26T05:47:17","slug":"conferencias","status":"publish","type":"page","link":"https:\/\/caruaru.upe.br\/react\/conferencias\/","title":{"rendered":"Conferencias"},"content":{"rendered":"<p>[vc_row full_width=&#8221;stretch_row&#8221; css=&#8221;.vc_custom_1517927202534{margin-top: 0px !important;margin-bottom: 0px !important;padding-top: 45px !important;padding-bottom: 55px !important;}&#8221;][vc_column][vc_row_inner css=&#8221;.vc_custom_1513775567730{margin-bottom: 0px !important;padding-bottom: 0px !important;}&#8221;][vc_column_inner width=&#8221;1\/2&#8243;][vc_custom_heading text=&#8221;Engenharia de Software&#8221;][vc_column_text]<\/p>\n<ul>\n<li>Simp\u00f3sio Brasileiro de Engenharia de Software (SBES)<\/li>\n<li>Simp\u00f3sio Brasileiro de Sistemas de Informa\u00e7\u00e3o (SBSI)<\/li>\n<li>Simp\u00f3sio Brasileiro de Qualidade de Software (SBQS)<\/li>\n<li>Agile Brazil<\/li>\n<\/ul>\n<p>[\/vc_column_text][vc_empty_space height=&#8221;25px&#8221;][\/vc_column_inner][vc_column_inner width=&#8221;1\/2&#8243;][vc_custom_heading text=&#8221;Educa\u00e7\u00e3o&#8221;][vc_column_text]<\/p>\n<ul>\n<li>Congresso Brasileiro de Inform\u00e1tica na Educa\u00e7\u00e3o (CBIE)<\/li>\n<li>Simp\u00f3sio Brasileiro de Inform\u00e1tica na Educa\u00e7\u00e3o (SBIE)<\/li>\n<\/ul>\n<p>[\/vc_column_text][vc_empty_space height=&#8221;25px&#8221;][\/vc_column_inner][\/vc_row_inner][\/vc_column][\/vc_row]<\/p>\n","protected":false},"excerpt":{"rendered":"<p>[vc_row full_width=&#8221;stretch_row&#8221; css=&#8221;.vc_custom_1517927202534{margin-top: 0px !important;margin-bottom: 0px !important;padding-top: 45px !important;padding-bottom: 55px !important;}&#8221;][vc_column][vc_row_inner css=&#8221;.vc_custom_1513775567730{margin-bottom: 0px !important;padding-bottom: 0px !important;}&#8221;][vc_column_inner width=&#8221;1\/2&#8243;][vc_custom_heading text=&#8221;Engenharia de Software&#8221;][vc_column_text] Simp\u00f3sio Brasileiro de Engenharia de Software (SBES) Simp\u00f3sio Brasileiro de Sistemas de Informa\u00e7\u00e3o (SBSI) Simp\u00f3sio Brasileiro de Qualidade de Software (SBQS) Agile Brazil [\/vc_column_text][vc_empty_space height=&#8221;25px&#8221;][\/vc_column_inner][vc_column_inner width=&#8221;1\/2&#8243;][vc_custom_heading text=&#8221;Educa\u00e7\u00e3o&#8221;][vc_column_text] Congresso Brasileiro de Inform\u00e1tica na Educa\u00e7\u00e3o (CBIE) Simp\u00f3sio [&hellip;]<\/p>\n","protected":false},"author":2,"featured_media":0,"parent":0,"menu_order":0,"comment_status":"closed","ping_status":"closed","template":"","meta":{"footnotes":""},"class_list":["post-51","page","type-page","status-publish","hentry"],"_links":{"self":[{"href":"https:\/\/caruaru.upe.br\/react\/wp-json\/wp\/v2\/pages\/51","targetHints":{"allow":["GET"]}}],"collection":[{"href":"https:\/\/caruaru.upe.br\/react\/wp-json\/wp\/v2\/pages"}],"about":[{"href":"https:\/\/caruaru.upe.br\/react\/wp-json\/wp\/v2\/types\/page"}],"author":[{"embeddable":true,"href":"https:\/\/caruaru.upe.br\/react\/wp-json\/wp\/v2\/users\/2"}],"replies":[{"embeddable":true,"href":"https:\/\/caruaru.upe.br\/react\/wp-json\/wp\/v2\/comments?post=51"}],"version-history":[{"count":5,"href":"https:\/\/caruaru.upe.br\/react\/wp-json\/wp\/v2\/pages\/51\/revisions"}],"predecessor-version":[{"id":60,"href":"https:\/\/caruaru.upe.br\/react\/wp-json\/wp\/v2\/pages\/51\/revisions\/60"}],"wp:attachment":[{"href":"https:\/\/caruaru.upe.br\/react\/wp-json\/wp\/v2\/media?parent=51"}],"curies":[{"name":"wp","href":"https:\/\/api.w.org\/{rel}","templated":true}]}}