{"id":56,"date":"2025-08-22T13:43:53","date_gmt":"2025-08-22T16:43:53","guid":{"rendered":"https:\/\/caruaru.upe.br\/nti\/?page_id=56"},"modified":"2025-12-19T15:23:24","modified_gmt":"2025-12-19T18:23:24","slug":"home","status":"publish","type":"page","link":"https:\/\/caruaru.upe.br\/nti\/","title":{"rendered":""},"content":{"rendered":"\n<div class=\"wp-block-cover\"><img decoding=\"async\" class=\"wp-block-cover__image-background wp-image-80 size-large\" alt=\"\" src=\"https:\/\/caruaru.upe.br\/nti\/wp-content\/uploads\/sites\/13\/2025\/08\/764fdd97-9fec-46a5-a199-876e0e08f2a9-1-2-1024x683.jpg\" data-object-fit=\"cover\"\/><span aria-hidden=\"true\" class=\"wp-block-cover__background has-background-dim\" style=\"background-color:#011025\"><\/span><div class=\"wp-block-cover__inner-container is-layout-constrained wp-block-cover-is-layout-constrained\">\n<div class=\"wp-block-group\"><div class=\"wp-block-group__inner-container is-layout-constrained wp-block-group-is-layout-constrained\">\n<div class=\"wp-block-media-text has-media-on-the-right is-stacked-on-mobile\" style=\"grid-template-columns:auto 48%\"><div class=\"wp-block-media-text__content\">\n<p style=\"font-family: 'Montserrat', sans-serif;font-size: 16px;line-height: 1.6;color: #ffffff\">\n  O N\u00facleo de Tecnologia da Informa\u00e7\u00e3o (NTI) da Universidade de Pernambuco \u2013 Campus Caruaru \u00e9 respons\u00e1vel por oferecer suporte t\u00e9cnico, manter os laborat\u00f3rios de inform\u00e1tica, gerenciar a infraestrutura de rede e prestar servi\u00e7os diversos na \u00e1rea de tecnologia da informa\u00e7\u00e3o. Criado para atender \u00e0s demandas internas da universidade e aproximar teoria e pr\u00e1tica, o NTI tamb\u00e9m desenvolve e atualiza o site oficial do campus, divulgando atividades, not\u00edcias e projetos da equipe. Formado por professores, t\u00e9cnicos e estudantes, o NTI atua com foco na excel\u00eancia, criatividade e impacto social, promovendo inova\u00e7\u00e3o de forma colaborativa e com prop\u00f3sito.\n<\/p>\n<\/div><figure class=\"wp-block-media-text__media\"><img loading=\"lazy\" decoding=\"async\" width=\"512\" height=\"512\" src=\"http:\/\/caruaru.upe.br\/nti\/wp-content\/uploads\/sites\/13\/2025\/08\/cropped-LogoNTI.png\" alt=\"\" class=\"wp-image-41 size-full\" srcset=\"https:\/\/caruaru.upe.br\/nti\/wp-content\/uploads\/sites\/13\/2025\/08\/cropped-LogoNTI.png 512w, https:\/\/caruaru.upe.br\/nti\/wp-content\/uploads\/sites\/13\/2025\/08\/cropped-LogoNTI-300x300.png 300w, https:\/\/caruaru.upe.br\/nti\/wp-content\/uploads\/sites\/13\/2025\/08\/cropped-LogoNTI-150x150.png 150w, https:\/\/caruaru.upe.br\/nti\/wp-content\/uploads\/sites\/13\/2025\/08\/cropped-LogoNTI-100x100.png 100w, https:\/\/caruaru.upe.br\/nti\/wp-content\/uploads\/sites\/13\/2025\/08\/cropped-LogoNTI-270x270.png 270w, https:\/\/caruaru.upe.br\/nti\/wp-content\/uploads\/sites\/13\/2025\/08\/cropped-LogoNTI-192x192.png 192w, https:\/\/caruaru.upe.br\/nti\/wp-content\/uploads\/sites\/13\/2025\/08\/cropped-LogoNTI-180x180.png 180w, https:\/\/caruaru.upe.br\/nti\/wp-content\/uploads\/sites\/13\/2025\/08\/cropped-LogoNTI-32x32.png 32w\" sizes=\"auto, (max-width: 512px) 100vw, 512px\" \/><\/figure><\/div>\n<\/div><\/div>\n\n\n\n<button style=\"margin-left: 2rem;padding: 15px 30px;border: 2px solid #ffffff;background-color: #0a1f3a;color: #ffffff;font-size: 1.2rem;cursor: pointer;border-radius: 30px;position: relative;overflow: hidden;font-weight: bold\">\n  Explore\n<\/button>\n<\/div><\/div>\n\n\n\n<div style=\"height:24px\" aria-hidden=\"true\" class=\"wp-block-spacer\"><\/div>\n\n\n\n<div class=\"wp-block-columns is-layout-flex wp-container-core-columns-is-layout-9d6595d7 wp-block-columns-is-layout-flex\">\n<div class=\"wp-block-column is-layout-flow wp-block-column-is-layout-flow\" style=\"flex-basis:33.33%\">\n<div style=\"width: 150px;height: 150px;overflow: hidden;border-radius: 50%;margin-right: 20px;flex-shrink: 0\">\n                <img decoding=\"async\" src=\"http:\/\/caruaru.upe.br\/nti\/wp-content\/uploads\/sites\/13\/2025\/09\/funcionarios-jeferson.jpg\" alt=\"imagem do funcionario\" style=\"width: 100%;height: 100%;object-fit: cover\" \/>\n            <\/div>\n<\/div>\n\n\n\n<div class=\"wp-block-column is-vertically-aligned-center is-layout-flow wp-block-column-is-layout-flow\" style=\"flex-basis:66.66%\">\n<div style=\"flex: 1\">\n                <h2 style=\"margin: 0;font-size: 1.5em;color: #333\">Jefferson Lacerda<\/h2>\n                <h3 style=\"margin-top: 8px;font-size: 1.1em;color: #666\">Gerente da Divis\u00e3o do N\u00facleo de Tecnologia<\/h3>\n            <\/div>\n<\/div>\n<\/div>\n\n\n\n<div class=\"wp-block-columns is-layout-flex wp-container-core-columns-is-layout-9d6595d7 wp-block-columns-is-layout-flex\">\n<div class=\"wp-block-column is-layout-flow wp-block-column-is-layout-flow\" style=\"flex-basis:33.33%\">\n<div style=\"width: 150px;height: 150px;overflow: hidden;border-radius: 50%;margin-right: 20px;flex-shrink: 0\">\n                <img decoding=\"async\" src=\"http:\/\/caruaru.upe.br\/nti\/wp-content\/uploads\/sites\/13\/2025\/10\/8a8f5f72-4f82-44f5-a67c-c00349413626.jpg\" alt=\"imagem do estagi\u00e1rio\" style=\"width: 100%;height: 100%;object-fit: cover\" \/>\n            <\/div>\n<\/div>\n\n\n\n<div class=\"wp-block-column is-vertically-aligned-center is-layout-flow wp-block-column-is-layout-flow\" style=\"flex-basis:66.66%\">\n<div style=\"flex: 1\">\n                <h2 style=\"margin: 0;font-size: 1.5em;color: #333\">Gabriel Lima<\/h2> \n                <h3 style=\"margin-top: 8px;font-size: 1.1em;color: #666\">Est\u00e1giario<\/h3> \n            <\/div>\n<\/div>\n<\/div>\n\n\n\n<div class=\"wp-block-columns is-layout-flex wp-container-core-columns-is-layout-9d6595d7 wp-block-columns-is-layout-flex\">\n<div class=\"wp-block-column is-layout-flow wp-block-column-is-layout-flow\" style=\"flex-basis:33.33%\">\n<div style=\"width: 150px;height: 150px;overflow: hidden;border-radius: 50%;margin-right: 20px;flex-shrink: 0\">\n                <img decoding=\"async\" src=\"http:\/\/caruaru.upe.br\/nti\/wp-content\/uploads\/sites\/13\/2025\/09\/estagiarios-lazaro.jpg\" alt=\"imagem do estagi\u00e1rio\" style=\"width: 100%;height: 100%;object-fit: cover\" \/>\n            <\/div>\n<\/div>\n\n\n\n<div class=\"wp-block-column is-vertically-aligned-center is-layout-flow wp-block-column-is-layout-flow\" style=\"flex-basis:66.66%\">\n<div style=\"flex: 1\">\n                <h2 style=\"margin: 0;font-size: 1.5em;color: #333\">L\u00e1zaro Rocha<\/h2> \n                <h3 style=\"margin-top: 8px;font-size: 1.1em;color: #666\">Est\u00e1giario<\/h3> \n            <\/div>\n<\/div>\n<\/div>\n\n\n\n<div class=\"wp-block-columns is-layout-flex wp-container-core-columns-is-layout-9d6595d7 wp-block-columns-is-layout-flex\">\n<div class=\"wp-block-column is-layout-flow wp-block-column-is-layout-flow\" style=\"flex-basis:33.33%\"><\/div>\n\n\n\n<div class=\"wp-block-column is-vertically-aligned-center is-layout-flow wp-block-column-is-layout-flow\" style=\"flex-basis:66.66%\"><\/div>\n<\/div>\n\n\n\n<p><\/p>\n","protected":false},"excerpt":{"rendered":"<p>Jefferson Lacerda Gerente da Divis\u00e3o do N\u00facleo de Tecnologia Gabriel Lima Est\u00e1giario L\u00e1zaro Rocha Est\u00e1giario<\/p>\n","protected":false},"author":54,"featured_media":0,"parent":0,"menu_order":0,"comment_status":"closed","ping_status":"closed","template":"","meta":{"footnotes":""},"class_list":["post-56","page","type-page","status-publish","hentry"],"_links":{"self":[{"href":"https:\/\/caruaru.upe.br\/nti\/wp-json\/wp\/v2\/pages\/56","targetHints":{"allow":["GET"]}}],"collection":[{"href":"https:\/\/caruaru.upe.br\/nti\/wp-json\/wp\/v2\/pages"}],"about":[{"href":"https:\/\/caruaru.upe.br\/nti\/wp-json\/wp\/v2\/types\/page"}],"author":[{"embeddable":true,"href":"https:\/\/caruaru.upe.br\/nti\/wp-json\/wp\/v2\/users\/54"}],"replies":[{"embeddable":true,"href":"https:\/\/caruaru.upe.br\/nti\/wp-json\/wp\/v2\/comments?post=56"}],"version-history":[{"count":77,"href":"https:\/\/caruaru.upe.br\/nti\/wp-json\/wp\/v2\/pages\/56\/revisions"}],"predecessor-version":[{"id":192,"href":"https:\/\/caruaru.upe.br\/nti\/wp-json\/wp\/v2\/pages\/56\/revisions\/192"}],"wp:attachment":[{"href":"https:\/\/caruaru.upe.br\/nti\/wp-json\/wp\/v2\/media?parent=56"}],"curies":[{"name":"wp","href":"https:\/\/api.w.org\/{rel}","templated":true}]}}